{"id":8480,"date":"2023-02-08T20:37:39","date_gmt":"2023-02-08T20:37:39","guid":{"rendered":"https:\/\/academy.slovakfriends.com\/sk\/?page_id=8480"},"modified":"2023-04-18T12:23:33","modified_gmt":"2023-04-18T11:23:33","slug":"domov","status":"publish","type":"page","link":"https:\/\/academy.slovakfriends.com\/sk\/","title":{"rendered":"Domov"},"content":{"rendered":"<div class=\"wpb-content-wrapper\"><p>[vc_row css=&#8221;.vc_custom_1612332579206{margin-bottom: 75px !important;}&#8221;][vc_column]\n\t\t\t<!-- START slider sk REVOLUTION SLIDER 6.7.23 --><p class=\"rs-p-wp-fix\"><\/p>\n\t\t\t<rs-module-wrap id=\"rev_slider_3_1_wrapper\" data-source=\"gallery\" style=\"visibility:hidden;background:#e5e5e5;padding:0;margin:0px auto;margin-top:0;margin-bottom:0;\">\n\t\t\t\t<rs-module id=\"rev_slider_3_1\" style=\"\" data-version=\"6.7.23\">\n\t\t\t\t\t<rs-slides style=\"overflow: hidden; position: absolute;\">\n\t\t\t\t\t\t<rs-slide style=\"position: absolute;\" data-key=\"rs-3\" data-title=\"Intro\" data-anim=\"adpr:false;ms:270;\" data-in=\"o:0;e:power3.inOut;\" data-out=\"e:power3.inOut;\" data-sloop=\"s:280;e:12300;\">\n\t\t\t\t\t\t\t<img decoding=\"async\" src=\"\/\/academy.slovakfriends.com\/sk\/wp-content\/plugins\/revslider\/sr6\/assets\/assets\/dummy.png\" alt=\"\" title=\"uvod\" width=\"1920\" height=\"1280\" class=\"rev-slidebg tp-rs-img rs-lazyload\" data-lazyload=\"\/\/academy.slovakfriends.com\/sk\/wp-content\/uploads\/2023\/02\/uvod.jpg\" data-no-retina>\n<!--\n\t\t\t\t\t\t\t--><rs-layer\n\t\t\t\t\t\t\t\tid=\"slider-3-slide-3-layer-0\" \n\t\t\t\t\t\t\t\tdata-type=\"shape\"\n\t\t\t\t\t\t\t\tdata-rsp_ch=\"on\"\n\t\t\t\t\t\t\t\tdata-text=\"w:normal;s:20,16,12,7;l:0,20,15,9;\"\n\t\t\t\t\t\t\t\tdata-dim=\"w:100%;h:100%;\"\n\t\t\t\t\t\t\t\tdata-basealign=\"slide\"\n\t\t\t\t\t\t\t\tdata-frame_999=\"o:0;st:w;sR:19700;\"\n\t\t\t\t\t\t\t\tstyle=\"z-index:8;background-color:rgba(4,45,137,0.51);\"\n\t\t\t\t\t\t\t> \n\t\t\t\t\t\t\t<\/rs-layer><!--\n\n\t\t\t\t\t\t\t--><rs-layer\n\t\t\t\t\t\t\t\tid=\"slider-3-slide-3-layer-1\" \n\t\t\t\t\t\t\t\tclass=\"tounblur RotatingWords-TitleWhite\"\n\t\t\t\t\t\t\t\tdata-type=\"text\"\n\t\t\t\t\t\t\t\tdata-color=\"rgba(255,255,255,1)\"\n\t\t\t\t\t\t\t\tdata-rsp_ch=\"on\"\n\t\t\t\t\t\t\t\tdata-xy=\"x:l,r,c,c;xo:202px,303px,-3px,0;y:m;yo:-38px,-103px,-62px,-47px;\"\n\t\t\t\t\t\t\t\tdata-text=\"s:48,70,70,70;l:50,70,70,70;fw:700,800,800,800;a:center;\"\n\t\t\t\t\t\t\t\tdata-dim=\"w:95px,auto,auto,auto;\"\n\t\t\t\t\t\t\t\tdata-vbility=\"t,f,f,f\"\n\t\t\t\t\t\t\t\tdata-frame_0=\"x:-50px;\"\n\t\t\t\t\t\t\t\tdata-frame_1=\"x:-23px,0,0,0;y:-6px,0,0,0;e:none;st:750;sp:0;sR:750;\"\n\t\t\t\t\t\t\t\tdata-frame_999=\"e:nothing;st:w;sp:1400;sR:19250;\"\n\t\t\t\t\t\t\t\tstyle=\"z-index:10;font-family:'Montserrat';\"\n\t\t\t\t\t\t\t> \n\t\t\t\t\t\t\t<\/rs-layer><!--\n\n\t\t\t\t\t\t\t--><rs-layer\n\t\t\t\t\t\t\t\tid=\"slider-3-slide-3-layer-2\" \n\t\t\t\t\t\t\t\tclass=\"tounblur RotatingWords-TitleWhite\"\n\t\t\t\t\t\t\t\tdata-type=\"text\"\n\t\t\t\t\t\t\t\tdata-color=\"#00c691\"\n\t\t\t\t\t\t\t\tdata-rsp_ch=\"on\"\n\t\t\t\t\t\t\t\tdata-xy=\"x:l,c,c,c;xo:201px,0,0,0;y:m;yo:-42px,0,20px,40px;\"\n\t\t\t\t\t\t\t\tdata-text=\"s:48,70,40,30;l:50,70,70,70;fw:700,800,800,800;\"\n\t\t\t\t\t\t\t\tdata-dim=\"w:550.15px,auto,auto,auto;\"\n\t\t\t\t\t\t\t\tdata-frame_0=\"o:1;\"\n\t\t\t\t\t\t\t\tdata-frame_0_chars=\"d:10;sX:0.8;sY:0.8;o:0;\"\n\t\t\t\t\t\t\t\tdata-frame_1=\"x:-2px;y:2px;e:power4.in;st:9230;sp:1170;sR:9230;\"\n\t\t\t\t\t\t\t\tdata-frame_1_chars=\"d:10;\"\n\t\t\t\t\t\t\t\tdata-frame_999=\"x:0;y:0;z:0;sX:1;sY:1;o:1;rX:0;rY:0;rZ:0;skX:0;skY:0;e:none;st:13170;sp:140;sR:870;\"\n\t\t\t\t\t\t\t\tdata-frame_999_chars=\"d:3;sX:0.9;sY:0.9;o:0;\"\n\t\t\t\t\t\t\t\tstyle=\"z-index:14;font-family:'Montserrat';\"\n\t\t\t\t\t\t\t>rozumie\u0165 po slovensky \n\t\t\t\t\t\t\t<\/rs-layer><!--\n\n\t\t\t\t\t\t\t--><rs-layer\n\t\t\t\t\t\t\t\tid=\"slider-3-slide-3-layer-3\" \n\t\t\t\t\t\t\t\tclass=\"tounblur RotatingWords-TitleWhite\"\n\t\t\t\t\t\t\t\tdata-type=\"text\"\n\t\t\t\t\t\t\t\tdata-color=\"#00c691\"\n\t\t\t\t\t\t\t\tdata-rsp_ch=\"on\"\n\t\t\t\t\t\t\t\tdata-xy=\"x:l,c,c,c;xo:202px,0,0,0;y:m;yo:-45px,0,20px,40px;\"\n\t\t\t\t\t\t\t\tdata-text=\"s:48,70,40,30;l:50,70,70,70;fw:700,800,800,800;\"\n\t\t\t\t\t\t\t\tdata-frame_0=\"o:1;\"\n\t\t\t\t\t\t\t\tdata-frame_0_chars=\"d:10;sX:0.8;sY:0.8;o:0;\"\n\t\t\t\t\t\t\t\tdata-frame_1=\"y:1px;e:circ.out;st:300;sp:400;sR:300;\"\n\t\t\t\t\t\t\t\tdata-frame_1_chars=\"d:10;\"\n\t\t\t\t\t\t\t\tdata-frame_999=\"x:0;y:0;z:0;sX:1;sY:1;o:1;rX:0;rY:0;rZ:0;skX:0;skY:0;e:circ.in;st:2600;sp:170;sR:500;\"\n\t\t\t\t\t\t\t\tdata-frame_999_chars=\"d:3;sX:0.9;sY:0.9;o:0;\"\n\t\t\t\t\t\t\t\tstyle=\"z-index:11;font-family:'Montserrat';\"\n\t\t\t\t\t\t\t>rozpr\u00e1va\u0165 po slovensky \n\t\t\t\t\t\t\t<\/rs-layer><!--\n\n\t\t\t\t\t\t\t--><rs-layer\n\t\t\t\t\t\t\t\tid=\"slider-3-slide-3-layer-6\" \n\t\t\t\t\t\t\t\tclass=\"tounblur RotatingWords-TitleWhite\"\n\t\t\t\t\t\t\t\tdata-type=\"text\"\n\t\t\t\t\t\t\t\tdata-color=\"#00c691\"\n\t\t\t\t\t\t\t\tdata-rsp_ch=\"on\"\n\t\t\t\t\t\t\t\tdata-xy=\"x:l,c,c,c;xo:203px,0,0,0;y:m;yo:-40px,0,20px,40px;\"\n\t\t\t\t\t\t\t\tdata-text=\"s:48,70,40,30;l:50,70,70,70;fw:700,800,800,800;\"\n\t\t\t\t\t\t\t\tdata-frame_0=\"o:1;\"\n\t\t\t\t\t\t\t\tdata-frame_0_chars=\"d:10;sX:0.8;sY:0.8;o:0;\"\n\t\t\t\t\t\t\t\tdata-frame_1=\"y:-1px;e:power4.in;st:2980;sp:760;sR:2980;\"\n\t\t\t\t\t\t\t\tdata-frame_1_chars=\"d:10;\"\n\t\t\t\t\t\t\t\tdata-frame_999=\"x:0;y:0;z:0;sX:1;sY:1;o:1;rX:0;rY:0;rZ:0;skX:0;skY:0;e:none;st:5760;sp:230;sR:520;\"\n\t\t\t\t\t\t\t\tdata-frame_999_chars=\"d:3;sX:0.9;sY:0.9;o:0;\"\n\t\t\t\t\t\t\t\tstyle=\"z-index:12;font-family:'Montserrat';\"\n\t\t\t\t\t\t\t>po\u010d\u00fava\u0165 sloven\u010dinu \n\t\t\t\t\t\t\t<\/rs-layer><!--\n\n\t\t\t\t\t\t\t--><rs-layer\n\t\t\t\t\t\t\t\tid=\"slider-3-slide-3-layer-7\" \n\t\t\t\t\t\t\t\tclass=\"tounblur RotatingWords-TitleWhite\"\n\t\t\t\t\t\t\t\tdata-type=\"text\"\n\t\t\t\t\t\t\t\tdata-color=\"#00c691\"\n\t\t\t\t\t\t\t\tdata-rsp_ch=\"on\"\n\t\t\t\t\t\t\t\tdata-xy=\"x:l,c,c,c;xo:202px,0,0,0;y:m;yo:-41px,0,20px,40px;\"\n\t\t\t\t\t\t\t\tdata-text=\"s:48,70,40,30;l:50,70,70,70;fw:700,800,800,800;\"\n\t\t\t\t\t\t\t\tdata-frame_0=\"o:1;\"\n\t\t\t\t\t\t\t\tdata-frame_0_chars=\"d:10;sX:0.8;sY:0.8;o:0;\"\n\t\t\t\t\t\t\t\tdata-frame_1=\"y:1px;e:power4.in;st:6180;sp:900;sR:6180;\"\n\t\t\t\t\t\t\t\tdata-frame_1_chars=\"d:10;\"\n\t\t\t\t\t\t\t\tdata-frame_999=\"x:0;y:0;z:0;sX:1;sY:1;o:1;rX:0;rY:0;rZ:0;skX:0;skY:0;e:none;st:8980;sp:140;sR:600;\"\n\t\t\t\t\t\t\t\tdata-frame_999_chars=\"d:3;sX:0.9;sY:0.9;o:0;\"\n\t\t\t\t\t\t\t\tstyle=\"z-index:13;font-family:'Montserrat';\"\n\t\t\t\t\t\t\t>\u010d\u00edta\u0165 po slovensky \n\t\t\t\t\t\t\t<\/rs-layer><!--\n\n\t\t\t\t\t\t\t--><rs-layer\n\t\t\t\t\t\t\t\tid=\"slider-3-slide-3-layer-8\" \n\t\t\t\t\t\t\t\tclass=\"tounblur RotatingWords-TitleWhite\"\n\t\t\t\t\t\t\t\tdata-type=\"text\"\n\t\t\t\t\t\t\t\tdata-color=\"rgba(255,255,255,1)\"\n\t\t\t\t\t\t\t\tdata-rsp_ch=\"on\"\n\t\t\t\t\t\t\t\tdata-xy=\"x:c,r,c,c;xo:-2px,38px,0,-1px;y:m;yo:-103px,209px,-102px,-38px;\"\n\t\t\t\t\t\t\t\tdata-text=\"s:48,70,70,70;l:50,70,70,70;fw:700,800,800,800;a:center;\"\n\t\t\t\t\t\t\t\tdata-dim=\"w:857px,auto,auto,auto;\"\n\t\t\t\t\t\t\t\tdata-vbility=\"t,f,f,f\"\n\t\t\t\t\t\t\t\tdata-frame_0=\"x:-50px;\"\n\t\t\t\t\t\t\t\tdata-frame_1=\"e:back.in;st:750;sp:0;sR:750;\"\n\t\t\t\t\t\t\t\tdata-frame_999=\"o:1;e:none;st:w;sp:0;sR:19250;\"\n\t\t\t\t\t\t\t\tdata-frame_999_chars=\"e:power4.inOut;d:10;x:-105%;o:0;rZ:-90deg;\"\n\t\t\t\t\t\t\t\tdata-frame_999_mask=\"u:t;\"\n\t\t\t\t\t\t\t\tstyle=\"z-index:9;font-family:'Montserrat';\"\n\t\t\t\t\t\t\t><span class=\"primary_color\">Nau\u010dte <\/span> sa spolu so SlovakFriends \n\t\t\t\t\t\t\t<\/rs-layer><!--\n-->\t\t\t\t\t<\/rs-slide>\n\t\t\t\t\t<\/rs-slides>\n\t\t\t\t<\/rs-module>\n\t\t\t\t<script>\n\t\t\t\t\tsetREVStartSize({c: 'rev_slider_3_1',rl:[1240,1024,778,480],el:[800,400,300,350],gw:[1240,1024,778,480],gh:[800,400,350,350],type:'hero',justify:'',layout:'fullwidth',mh:\"0\"});if (window.RS_MODULES!==undefined && window.RS_MODULES.modules!==undefined && window.RS_MODULES.modules[\"revslider31\"]!==undefined) {window.RS_MODULES.modules[\"revslider31\"].once = false;window.revapi3 = undefined;if (window.RS_MODULES.checkMinimal!==undefined) window.RS_MODULES.checkMinimal()}\n\t\t\t\t<\/script>\n\t\t\t<\/rs-module-wrap>\n\t\t\t<!-- END REVOLUTION SLIDER -->\n[\/vc_column][\/vc_row][vc_section][vc_row css=&#8221;.vc_custom_1612332607161{margin-bottom: 3px !important;}&#8221;][vc_column][vc_custom_heading text=&#8221;Ako to funguje?&#8221; font_container=&#8221;tag:h2|text_align:center&#8221; use_theme_fonts=&#8221;yes&#8221;][\/vc_column][\/vc_row][vc_row][vc_column width=&#8221;1\/3&#8243; css=&#8221;.vc_custom_1612332700809{margin-bottom: 25px !important;}&#8221;][vc_single_image image=&#8221;7863&#8243; img_size=&#8221;full&#8221; alignment=&#8221;center&#8221; css=&#8221;.vc_custom_1612332653920{margin-bottom: 15px !important;}&#8221;][vc_custom_heading text=&#8221;Zaregistrujte sa&#8221; font_container=&#8221;tag:h3|text_align:center&#8221; use_theme_fonts=&#8221;yes&#8221; css=&#8221;.vc_custom_1675889291160{margin-bottom: 10px !important;}&#8221;][\/vc_column][vc_column width=&#8221;1\/3&#8243; css=&#8221;.vc_custom_1612848490821{margin-bottom: 25px !important;}&#8221;][vc_single_image image=&#8221;8221&#8243; img_size=&#8221;full&#8221; alignment=&#8221;center&#8221; css=&#8221;.vc_custom_1613535684588{margin-bottom: 15px !important;}&#8221;][vc_custom_heading text=&#8221;Vyberte si kurz&#8221; font_container=&#8221;tag:h3|text_align:center&#8221; use_theme_fonts=&#8221;yes&#8221; css=&#8221;.vc_custom_1675889302232{margin-bottom: 10px !important;}&#8221;][\/vc_column][vc_column width=&#8221;1\/3&#8243; css=&#8221;.vc_custom_1612848495872{margin-bottom: 25px !important;}&#8221;][vc_single_image image=&#8221;7864&#8243; img_size=&#8221;full&#8221; alignment=&#8221;center&#8221; css=&#8221;.vc_custom_1612333031987{margin-bottom: 15px !important;}&#8221;][vc_custom_heading text=&#8221;Za\u010dnite sa u\u010di\u0165&#8221; font_container=&#8221;tag:h3|text_align:center&#8221; use_theme_fonts=&#8221;yes&#8221; css=&#8221;.vc_custom_1675889314000{margin-bottom: 10px !important;}&#8221;][\/vc_column][\/vc_row][\/vc_section][vc_section full_width=&#8221;stretch_row_content&#8221; css=&#8221;.vc_custom_1612335908031{padding-bottom: 20px !important;background-color: #eff4fa !important;}&#8221;][vc_row][vc_column][stm_lms_courses_carousel title=&#8221;V\u0161etky kurzy&#8221; title_color=&#8221;#0a0a0a&#8221;][\/vc_column][\/vc_row][\/vc_section][vc_section css=&#8221;.vc_custom_1612345319963{margin-bottom: 50px !important;}&#8221;][vc_row css=&#8221;.vc_custom_1612332607161{margin-bottom: 3px !important;}&#8221;][vc_column width=&#8221;1\/4&#8243;][\/vc_column][vc_column width=&#8221;1\/2&#8243;][vc_custom_heading text=&#8221;\u010co sa nau\u010d\u00edte?&#8221; font_container=&#8221;tag:h2|text_align:center&#8221; use_theme_fonts=&#8221;yes&#8221; css=&#8221;.vc_custom_1675889383329{margin-top: 40px !important;margin-bottom: -15px !important;}&#8221;][vc_custom_heading text=&#8221;Nau\u010d\u00edte sa po slovensky. V\u0161etko sa zmen\u00ed.&#8221; font_container=&#8221;tag:h6|font_size:16px|text_align:center|color:%23273044|line_height:30px&#8221; use_theme_fonts=&#8221;yes&#8221; css=&#8221;.vc_custom_1675889410705{margin-bottom: 27px !important;}&#8221;][\/vc_column][vc_column width=&#8221;1\/4&#8243;][\/vc_column][\/vc_row][vc_row][vc_column width=&#8221;1\/6&#8243;][stm_icon_box hover_pos=&#8221;none&#8221; link_color_style=&#8221;dark&#8221; icon=&#8221;stmlms-horn&#8221; box_align=&#8221;center&#8221; icon_color=&#8221;#ee2027&#8243; title=&#8221;Nez\u00e1vislos\u0165&#8221; css=&#8221;.vc_custom_1675889433803{padding-top: 0px !important;padding-right: 0px !important;padding-bottom: 0px !important;padding-left: 0px !important;}&#8221;][\/stm_icon_box][\/vc_column][vc_column width=&#8221;1\/6&#8243;][stm_icon_box hover_pos=&#8221;none&#8221; link_color_style=&#8221;dark&#8221; icon=&#8221;fa-icon-stm_icon_brain&#8221; box_align=&#8221;center&#8221; icon_color=&#8221;#ee2027&#8243; title=&#8221;Sloboda&#8221; css=&#8221;.vc_custom_1675889447564{padding-top: 0px !important;padding-right: 0px !important;padding-bottom: 0px !important;padding-left: 0px !important;}&#8221;][\/stm_icon_box][\/vc_column][vc_column width=&#8221;1\/6&#8243;][stm_icon_box hover_pos=&#8221;none&#8221; link_color_style=&#8221;dark&#8221; icon=&#8221;fa-icon-stm_icon_handshake&#8221; box_align=&#8221;center&#8221; icon_color=&#8221;#ee2027&#8243; title=&#8221;Sebaistota&#8221; css=&#8221;.vc_custom_1675889465827{padding-top: 0px !important;padding-right: 0px !important;padding-bottom: 0px !important;padding-left: 0px !important;}&#8221;][\/stm_icon_box][\/vc_column][vc_column width=&#8221;1\/6&#8243;][stm_icon_box hover_pos=&#8221;none&#8221; link_color_style=&#8221;dark&#8221; icon=&#8221;stmlms-camera&#8221; box_align=&#8221;center&#8221; icon_color=&#8221;#ee2027&#8243; title=&#8221;Nov\u00e1 \u017eivotn\u00e1 perspekt\u00edva&#8221; css=&#8221;.vc_custom_1675889483283{padding-top: 0px !important;padding-right: 0px !important;padding-bottom: 0px !important;padding-left: 0px !important;}&#8221;][\/stm_icon_box][\/vc_column][vc_column width=&#8221;1\/6&#8243;][stm_icon_box hover_pos=&#8221;none&#8221; link_color_style=&#8221;dark&#8221; icon=&#8221;fas fa-briefcase&#8221; box_align=&#8221;center&#8221; icon_color=&#8221;#ee2027&#8243; title=&#8221;Nov\u00e1 pracovn\u00e1 perspekt\u00edva&#8221; css=&#8221;.vc_custom_1675889496971{padding-top: 0px !important;padding-right: 0px !important;padding-bottom: 0px !important;padding-left: 0px !important;}&#8221;][\/stm_icon_box][\/vc_column][vc_column width=&#8221;1\/6&#8243;][stm_icon_box hover_pos=&#8221;none&#8221; link_color_style=&#8221;dark&#8221; icon=&#8221;fas fa-users&#8221; box_align=&#8221;center&#8221; icon_color=&#8221;#ee2027&#8243; title=&#8221;Okruh zn\u00e1mych a priate\u013eov&#8221; css=&#8221;.vc_custom_1675889523020{padding-top: 0px !important;padding-right: 0px !important;padding-bottom: 0px !important;padding-left: 0px !important;}&#8221;][\/stm_icon_box][\/vc_column][\/vc_row][\/vc_section][vc_row full_width=&#8221;stretch_row&#8221; css=&#8221;.vc_custom_1676891918037{margin-bottom: 0px !important;padding-top: 38px !important;padding-bottom: 53px !important;background: #233521 url(https:\/\/academy.slovakfriends.com\/sk\/wp-content\/uploads\/2023\/02\/vesmir.jpg?id=8560) !important;background-position: center !important;background-repeat: no-repeat !important;background-size: cover !important;}&#8221;][vc_column width=&#8221;1\/4&#8243;][\/vc_column][vc_column width=&#8221;1\/2&#8243;][vc_row_inner css=&#8221;.vc_custom_1612859941490{margin-bottom: 15px !important;}&#8221;][vc_column_inner width=&#8221;1\/12&#8243; offset=&#8221;vc_hidden-md vc_hidden-sm vc_hidden-xs&#8221;][\/vc_column_inner][vc_column_inner offset=&#8221;vc_col-lg-10 vc_col-md-12&#8243;][vc_column_text css=&#8221;.vc_custom_1675889634930{margin-bottom: 20px !important;}&#8221;]<\/p>\n<h2 style=\"text-align: center;\"><span style=\"color: #ffffff;\">Je \u010das <span style=\"color: #00c691;\">za\u010da\u0165<\/span> invesotva\u0165 do seba.<\/span><\/h2>\n<p>[\/vc_column_text][\/vc_column_inner][vc_column_inner width=&#8221;1\/12&#8243; offset=&#8221;vc_hidden-md vc_hidden-sm vc_hidden-xs&#8221;][\/vc_column_inner][\/vc_row_inner][vc_custom_heading text=&#8221;Online kurzy otv\u00e1raj\u00fa mo\u017enosti na u\u010denie sa takmer pre ka\u017ed\u00e9ho bez oh\u013eadu na ich z\u00e1v\u00e4zky.&#8221; font_container=&#8221;tag:h4|font_size:18px|text_align:center|color:%23ffffff|line_height:30px&#8221; use_theme_fonts=&#8221;yes&#8221; css=&#8221;.vc_custom_1675889665098{margin-bottom: 30px !important;}&#8221;][vc_btn title=&#8221;Za\u010dnite teraz&#8221; style=&#8221;custom&#8221; custom_background=&#8221;#1150a1&#8243; custom_text=&#8221;#ffffff&#8221; size=&#8221;lg&#8221; align=&#8221;center&#8221; link=&#8221;url:https%3A%2F%2Facademy.slovakfriends.com%2Fsk%2Fkurzy%2F|title:Courses&#8221;][\/vc_column][vc_column width=&#8221;1\/4&#8243;][\/vc_column][\/vc_row]<\/p>\n<\/div>","protected":false},"excerpt":{"rendered":"<p>[vc_row css=&#8221;.vc_custom_1612332579206{margin-bottom: 75px !important;}&#8221;][vc_column][\/vc_column][\/vc_row][vc_section][vc_row css=&#8221;.vc_custom_1612332607161{margin-bottom: 3px !important;}&#8221;][vc_column][vc_custom_heading text=&#8221;Ako to funguje?&#8221; font_container=&#8221;tag:h2|text_align:center&#8221; use_theme_fonts=&#8221;yes&#8221;][\/vc_column][\/vc_row][vc_row][vc_column width=&#8221;1\/3&#8243; css=&#8221;.vc_custom_1612332700809{margin-bottom: 25px !important;}&#8221;][vc_single_image image=&#8221;7863&#8243; img_size=&#8221;full&#8221; alignment=&#8221;center&#8221; css=&#8221;.vc_custom_1612332653920{margin-bottom: 15px !important;}&#8221;][vc_custom_heading text=&#8221;Zaregistrujte sa&#8221; font_container=&#8221;tag:h3|text_align:center&#8221; use_theme_fonts=&#8221;yes&#8221; css=&#8221;.vc_custom_1675889291160{margin-bottom: 10px !important;}&#8221;][\/vc_column][vc_column width=&#8221;1\/3&#8243; css=&#8221;.vc_custom_1612848490821{margin-bottom: 25px !important;}&#8221;][vc_single_image image=&#8221;8221&#8243; img_size=&#8221;full&#8221; alignment=&#8221;center&#8221; css=&#8221;.vc_custom_1613535684588{margin-bottom: 15px !important;}&#8221;][vc_custom_heading text=&#8221;Vyberte si kurz&#8221; font_container=&#8221;tag:h3|text_align:center&#8221; use_theme_fonts=&#8221;yes&#8221; css=&#8221;.vc_custom_1675889302232{margin-bottom: 10px !important;}&#8221;][\/vc_column][vc_column width=&#8221;1\/3&#8243; css=&#8221;.vc_custom_1612848495872{margin-bottom: 25px !important;}&#8221;][vc_single_image image=&#8221;7864&#8243; img_size=&#8221;full&#8221; alignment=&#8221;center&#8221; css=&#8221;.vc_custom_1612333031987{margin-bottom: [&hellip;]<\/p>\n","protected":false},"author":1,"featured_media":0,"parent":0,"menu_order":0,"comment_status":"closed","ping_status":"closed","template":"","meta":{"pmpro_default_level":"","footnotes":""},"class_list":["post-8480","page","type-page","status-publish","hentry","pmpro-has-access"],"_links":{"self":[{"href":"https:\/\/academy.slovakfriends.com\/sk\/wp-json\/wp\/v2\/pages\/8480","targetHints":{"allow":["GET"]}}],"collection":[{"href":"https:\/\/academy.slovakfriends.com\/sk\/wp-json\/wp\/v2\/pages"}],"about":[{"href":"https:\/\/academy.slovakfriends.com\/sk\/wp-json\/wp\/v2\/types\/page"}],"author":[{"embeddable":true,"href":"https:\/\/academy.slovakfriends.com\/sk\/wp-json\/wp\/v2\/users\/1"}],"replies":[{"embeddable":true,"href":"https:\/\/academy.slovakfriends.com\/sk\/wp-json\/wp\/v2\/comments?post=8480"}],"version-history":[{"count":15,"href":"https:\/\/academy.slovakfriends.com\/sk\/wp-json\/wp\/v2\/pages\/8480\/revisions"}],"predecessor-version":[{"id":8683,"href":"https:\/\/academy.slovakfriends.com\/sk\/wp-json\/wp\/v2\/pages\/8480\/revisions\/8683"}],"wp:attachment":[{"href":"https:\/\/academy.slovakfriends.com\/sk\/wp-json\/wp\/v2\/media?parent=8480"}],"curies":[{"name":"wp","href":"https:\/\/api.w.org\/{rel}","templated":true}]}}