{"id":8485,"date":"2023-02-08T21:27:05","date_gmt":"2023-02-08T21:27:05","guid":{"rendered":"https:\/\/academy.slovakfriends.com\/sk\/?page_id=8485"},"modified":"2023-02-20T11:34:42","modified_gmt":"2023-02-20T11:34:42","slug":"o-sf-akademii","status":"publish","type":"page","link":"https:\/\/academy.slovakfriends.com\/sk\/o-sf-akademii\/","title":{"rendered":"O SF akad\u00e9mii"},"content":{"rendered":"<div class=\"wpb-content-wrapper\"><p>[vc_row css=&#8221;.vc_custom_1435816078010{margin-bottom: 15px !important;}&#8221;][vc_column width=&#8221;1\/2&#8243;][vc_custom_heading text=&#8221;Vitajte v Slovak Friends Academy!&#8221; use_theme_fonts=&#8221;yes&#8221; css=&#8221;.vc_custom_1675890907325{margin-bottom: 29px !important;}&#8221;][vc_column_text css=&#8221;.vc_custom_1675890972181{margin-bottom: 32px !important;}&#8221;]<\/p>\n<div>\n<div>\n<div>SlovakFriends\u00a0akad\u00e9mia patr\u00ed pod Slovak Friends jazykov\u00fa \u0161kolu, ktor\u00e1 sa venuje vzdel\u00e1vaniu v oblasti sloven\u010diny ako cudzieho jazyka.<\/div>\n<div>Slovak Friends jazykov\u00e1 \u0161kola pon\u00faka kurzy online a v triede, zatia\u013e \u010do Slovak Friends akad\u00e9mia pon\u00faka kurzy online charakteru typu samouk, <strong>kde si tempo a re\u017eim ur\u010duje s\u00e1m \u0161tudent<\/strong>. Sami si stanov\u00edte, ktor\u00e9 \u00falohy urob\u00edte, v akom \u010dase a ko\u013eko sa budete u\u010deniu venova\u0165.<\/div>\n<\/div>\n<\/div>\n<div>V tejto chv\u00edli pon\u00faka SF akad\u00e9mia jeden kurz, av\u0161ak do bud\u00facnosti pl\u00e1nuje pripravi\u0165 kurzy na v\u0161etk\u00fdch \u00farovniach.<\/div>\n<p>[\/vc_column_text][vc_single_image image=&#8221;8567&#8243; img_size=&#8221;570&#215;308&#8243; css=&#8221;.vc_custom_1676892875114{margin-top: 60px !important;margin-bottom: 24px !important;}&#8221;][\/vc_column][vc_column width=&#8221;1\/2&#8243;][vc_single_image image=&#8221;8566&#8243; img_size=&#8221;570&#215;350&#8243; css=&#8221;.vc_custom_1676892862252{margin-bottom: 69px !important;}&#8221;][vc_tta_tabs][vc_tta_section title=&#8221;V\u00ddHODY&#8221; tab_id=&#8221;1532604609823-e6c605b3-04c5&#8243;][vc_column_text]<\/p>\n<div>&#8211; M\u00f4\u017eete sa u\u010di\u0165 kedyko\u013evek<\/div>\n<div>&#8211; U\u010d\u00edte sa vlastn\u00fdm tempom<\/div>\n<div>&#8211; Menej stresu a ob\u00e1v, \u017ee sa pon\u00ed\u017eite pred druh\u00fdmi<\/div>\n<div>&#8211; Neplat\u00edte, kurz je zadarmo<\/div>\n<p>[\/vc_column_text][\/vc_tta_section][vc_tta_section title=&#8221;KONTAKTUJTE N\u00c1S&#8221; tab_id=&#8221;1532604609845-4edaaecf-303f&#8221;]\n<div class=\"wpcf7 no-js\" id=\"wpcf7-f8488-o1\" lang=\"en-US\" dir=\"ltr\" data-wpcf7-id=\"8488\">\n<div class=\"screen-reader-response\"><p role=\"status\" aria-live=\"polite\" aria-atomic=\"true\"><\/p> <ul><\/ul><\/div>\n<form action=\"\/sk\/wp-json\/wp\/v2\/pages\/8485#wpcf7-f8488-o1\" method=\"post\" class=\"wpcf7-form init\" aria-label=\"Contact form\" novalidate=\"novalidate\" data-status=\"init\">\n<fieldset class=\"hidden-fields-container\"><input type=\"hidden\" name=\"_wpcf7\" value=\"8488\" \/><input type=\"hidden\" name=\"_wpcf7_version\" value=\"6.1.5\" \/><input type=\"hidden\" name=\"_wpcf7_locale\" value=\"en_US\" \/><input type=\"hidden\" name=\"_wpcf7_unit_tag\" value=\"wpcf7-f8488-o1\" \/><input type=\"hidden\" name=\"_wpcf7_container_post\" value=\"0\" \/><input type=\"hidden\" name=\"_wpcf7_posted_data_hash\" value=\"\" \/>\n<\/fieldset>\n<div class=\"row\">\n\t<div class=\"col-xs-12 col-sm-6 col-md-6 col-lg-6\">\n\t\t<div class=\"form-group\">\n\t\t\t<p><span class=\"wpcf7-form-control-wrap\" data-name=\"name\"><input size=\"40\" maxlength=\"400\" class=\"wpcf7-form-control wpcf7-text wpcf7-validates-as-required form-control\" aria-required=\"true\" aria-invalid=\"false\" placeholder=\"Va\u0161e meno\" value=\"\" type=\"text\" name=\"name\" \/><\/span>\n\t\t\t<\/p>\n\t\t<\/div>\n\t<\/div>\n\t<div class=\"col-xs-12 col-sm-6 col-md-6 col-lg-6\">\n\t\t<div class=\"form-group\">\n\t\t\t<p><span class=\"wpcf7-form-control-wrap\" data-name=\"email\"><input size=\"40\" maxlength=\"400\" class=\"wpcf7-form-control wpcf7-email wpcf7-validates-as-required wpcf7-text wpcf7-validates-as-email form-control\" aria-required=\"true\" aria-invalid=\"false\" placeholder=\"V\u00e1\u0161 Email\" value=\"\" type=\"email\" name=\"email\" \/><\/span>\n\t\t\t<\/p>\n\t\t<\/div>\n\t<\/div>\n<\/div>\n<div class=\"row\">\n\t<div class=\"col-xs-12 col-sm-12 col-md-12 col-lg-12\">\n\t\t<div class=\"form-group\">\n\t\t\t<p><span class=\"wpcf7-form-control-wrap\" data-name=\"message\"><textarea cols=\"40\" rows=\"9\" maxlength=\"2000\" class=\"wpcf7-form-control wpcf7-textarea wpcf7-validates-as-required form-control\" aria-required=\"true\" aria-invalid=\"false\" placeholder=\"Va\u0161a spr\u00e1va\" name=\"message\"><\/textarea><\/span>\n\t\t\t<\/p>\n\t\t<\/div>\n\t<\/div>\n<\/div>\n<div class=\"row\">\n\t<div class=\"col-xs-12 col-sm-12 col-md-12 col-lg-12\">\n\t\t<p><input class=\"wpcf7-form-control wpcf7-submit has-spinner btn btn-default\" type=\"submit\" value=\"Odosla\u0165\" \/>\n\t\t<\/p>\n\t<\/div>\n<\/div><div class=\"wpcf7-response-output\" aria-hidden=\"true\"><\/div>\n<\/form>\n<\/div>\n[\/vc_tta_section][\/vc_tta_tabs][\/vc_column][\/vc_row][vc_row][vc_column][stm_multy_separator css=&#8221;.vc_custom_1435819083449{margin-bottom: 64px !important;}&#8221;][\/vc_column][\/vc_row]<\/p>\n<\/div>","protected":false},"excerpt":{"rendered":"<p>[vc_row css=&#8221;.vc_custom_1435816078010{margin-bottom: 15px !important;}&#8221;][vc_column width=&#8221;1\/2&#8243;][vc_custom_heading text=&#8221;Vitajte v Slovak Friends Academy!&#8221; use_theme_fonts=&#8221;yes&#8221; css=&#8221;.vc_custom_1675890907325{margin-bottom: 29px !important;}&#8221;][vc_column_text css=&#8221;.vc_custom_1675890972181{margin-bottom: 32px !important;}&#8221;] SlovakFriends\u00a0akad\u00e9mia patr\u00ed pod Slovak Friends jazykov\u00fa \u0161kolu, ktor\u00e1 sa venuje vzdel\u00e1vaniu v oblasti sloven\u010diny ako cudzieho jazyka. Slovak Friends jazykov\u00e1 \u0161kola pon\u00faka kurzy online a v triede, zatia\u013e \u010do Slovak Friends akad\u00e9mia pon\u00faka kurzy online charakteru typu samouk, [&hellip;]<\/p>\n","protected":false},"author":1,"featured_media":0,"parent":0,"menu_order":0,"comment_status":"closed","ping_status":"closed","template":"","meta":{"pmpro_default_level":"","footnotes":""},"class_list":["post-8485","page","type-page","status-publish","hentry","pmpro-has-access"],"_links":{"self":[{"href":"https:\/\/academy.slovakfriends.com\/sk\/wp-json\/wp\/v2\/pages\/8485","targetHints":{"allow":["GET"]}}],"collection":[{"href":"https:\/\/academy.slovakfriends.com\/sk\/wp-json\/wp\/v2\/pages"}],"about":[{"href":"https:\/\/academy.slovakfriends.com\/sk\/wp-json\/wp\/v2\/types\/page"}],"author":[{"embeddable":true,"href":"https:\/\/academy.slovakfriends.com\/sk\/wp-json\/wp\/v2\/users\/1"}],"replies":[{"embeddable":true,"href":"https:\/\/academy.slovakfriends.com\/sk\/wp-json\/wp\/v2\/comments?post=8485"}],"version-history":[{"count":4,"href":"https:\/\/academy.slovakfriends.com\/sk\/wp-json\/wp\/v2\/pages\/8485\/revisions"}],"predecessor-version":[{"id":8568,"href":"https:\/\/academy.slovakfriends.com\/sk\/wp-json\/wp\/v2\/pages\/8485\/revisions\/8568"}],"wp:attachment":[{"href":"https:\/\/academy.slovakfriends.com\/sk\/wp-json\/wp\/v2\/media?parent=8485"}],"curies":[{"name":"wp","href":"https:\/\/api.w.org\/{rel}","templated":true}]}}